{"id":44,"date":"2020-12-28T14:05:18","date_gmt":"2020-12-28T14:05:18","guid":{"rendered":"http:\/\/www.mgvodnistavby.cz\/?page_id=44"},"modified":"2025-11-17T18:29:25","modified_gmt":"2025-11-17T18:29:25","slug":"zavody-a-vysledky","status":"publish","type":"page","link":"https:\/\/www.mgvodnistavby.cz\/index.php\/zavody-a-vysledky\/","title":{"rendered":"Z\u00e1vody a v\u00fdsledky"},"content":{"rendered":"\n<p><strong>Podzimn\u00ed sez\u00f3na 2025<\/strong><\/p>\n\n\n\n<p>11.10. &#8211; I. kolo \u010cMP B\u0159eclav<\/p>\n\n\n\n<p>18.10. &#8211; II. kolo \u010cMP Plze\u0148<\/p>\n\n\n\n<p>26.10. &#8211; III. kolo \u010cMP Mari\u00e1nsk\u00e9 L\u00e1zn\u011b<\/p>\n\n\n\n<p>1.11. &#8211; IV. kolo \u010cMP Brno<\/p>\n\n\n\n<p>9.11. &#8211; P\u0159ebor Prahy<\/p>\n\n\n\n<p>16.11. &#8211; V. kolo \u010cMP Vinohrady<\/p>\n\n\n\n<p>22.11. &#8211; VII. kolo \u010cMP \u010cesk\u00e9 Bud\u011bjovice<\/p>\n\n\n\n<p>29.11. &#8211; M\u010cR\/Fin\u00e1le \u010cMP<\/p>\n\n\n\n<p><strong>Jarn\u00ed sez\u00f3na 2025<\/strong><\/p>\n\n\n\n<div class=\"wp-block-file\"><a href=\"https:\/\/www.mgvodnistavby.cz\/wp-content\/uploads\/2025\/03\/Vysledkova-listina_KP_Liberecka-snezenka-2025.pdf\">15.3. Libereck\u00e1 sn\u011b\u017eenka KP<\/a><a href=\"https:\/\/www.mgvodnistavby.cz\/wp-content\/uploads\/2025\/03\/Vysledkova-listina_KP_Liberecka-snezenka-2025.pdf\" class=\"wp-block-file__button\" download>St\u00e1hnout<\/a><\/div>\n\n\n\n<div class=\"wp-block-file\"><a href=\"https:\/\/www.mgvodnistavby.cz\/wp-content\/uploads\/2025\/03\/Vysledkova-listina_ZP_-Liberecka-snezenka-2025.pdf\">15.3. Libereck\u00e1 sn\u011b\u017eenka ZP<\/a><a href=\"https:\/\/www.mgvodnistavby.cz\/wp-content\/uploads\/2025\/03\/Vysledkova-listina_ZP_-Liberecka-snezenka-2025.pdf\" class=\"wp-block-file__button\" download>St\u00e1hnout<\/a><\/div>\n\n\n\n<div class=\"wp-block-file\"><a href=\"https:\/\/www.mgvodnistavby.cz\/wp-content\/uploads\/2025\/03\/KP-Stodulecky-pohar-2025-vysledky-.pdf\">16.3. Stod\u016fleck\u00fd poh\u00e1r KP<\/a><a href=\"https:\/\/www.mgvodnistavby.cz\/wp-content\/uploads\/2025\/03\/KP-Stodulecky-pohar-2025-vysledky-.pdf\" class=\"wp-block-file__button\" download>St\u00e1hnout<\/a><\/div>\n\n\n\n<p>29.3. Bizon&#8217;s Cup KP<\/p>\n\n\n\n<p>5.4. Mini Ajur Cup ZP<\/p>\n\n\n\n<p>5.4. Hradeck\u00e1 Korunka KP<\/p>\n\n\n\n<p>12.4. Velikono\u010dn\u00ed pern\u00ed\u010dek KP<\/p>\n\n\n\n<p>12.4. Jarn\u00ed z\u00e1vod ZP, KP<\/p>\n\n\n\n<p>27.4. L\u00e1ze\u0148sk\u00fd poh\u00e1r KP<\/p>\n\n\n\n<p>11.5. Poh\u00e1rek Vodn\u00edch staveb<\/p>\n\n\n\n<p>17.5. P\u0159ebor Prahy KP<\/p>\n\n\n\n<p>18.5. P\u0159ebor Prahy ZP<\/p>\n\n\n\n<p>24.5. Z\u00e1vod ke Dni d\u011bt\u00ed<\/p>\n\n\n\n<p>1.6. M\u010cR KP<\/p>\n\n\n\n<p>30.11. M\u010cR a Fin\u00e1le \u010cMP Hodon\u00edn<\/p>\n\n\n\n<p>26.5. Z\u00e1vod ke Dni d\u011bt\u00ed<\/p>\n\n\n\n<p><\/p>\n","protected":false},"excerpt":{"rendered":"<p>Podzimn\u00ed sez\u00f3na 2025 11.10. &#8211; I. kolo \u010cMP B\u0159eclav 18.10. &#8211; II. kolo \u010cMP Plze\u0148 26.10. &#8211; III. kolo \u010cMP Mari\u00e1nsk\u00e9 L\u00e1zn\u011b 1.11. &#8211; IV. kolo \u010cMP Brno 9.11. &#8211; P\u0159ebor Prahy 16.11. &#8211; V. kolo \u010cMP Vinohrady 22.11. &#8211; VII. kolo \u010cMP \u010cesk\u00e9 Bud\u011bjovice 29.11. &#8211; M\u010cR\/Fin\u00e1le \u010cMP Jarn\u00ed sez\u00f3na 2025 29.3. Bizon&#8217;s Cup &hellip; <\/p>\n<p class=\"link-more\"><a href=\"https:\/\/www.mgvodnistavby.cz\/index.php\/zavody-a-vysledky\/\" class=\"more-link\">Pokra\u010dovat ve \u010dten\u00ed<span class=\"screen-reader-text\"> &#8222;Z\u00e1vody a v\u00fdsledky&#8220;<\/span><\/a><\/p>\n","protected":false},"author":1,"featured_media":0,"parent":0,"menu_order":0,"comment_status":"closed","ping_status":"closed","template":"","meta":[],"_links":{"self":[{"href":"https:\/\/www.mgvodnistavby.cz\/index.php\/wp-json\/wp\/v2\/pages\/44"}],"collection":[{"href":"https:\/\/www.mgvodnistavby.cz\/index.php\/wp-json\/wp\/v2\/pages"}],"about":[{"href":"https:\/\/www.mgvodnistavby.cz\/index.php\/wp-json\/wp\/v2\/types\/page"}],"author":[{"embeddable":true,"href":"https:\/\/www.mgvodnistavby.cz\/index.php\/wp-json\/wp\/v2\/users\/1"}],"replies":[{"embeddable":true,"href":"https:\/\/www.mgvodnistavby.cz\/index.php\/wp-json\/wp\/v2\/comments?post=44"}],"version-history":[{"count":32,"href":"https:\/\/www.mgvodnistavby.cz\/index.php\/wp-json\/wp\/v2\/pages\/44\/revisions"}],"predecessor-version":[{"id":776,"href":"https:\/\/www.mgvodnistavby.cz\/index.php\/wp-json\/wp\/v2\/pages\/44\/revisions\/776"}],"wp:attachment":[{"href":"https:\/\/www.mgvodnistavby.cz\/index.php\/wp-json\/wp\/v2\/media?parent=44"}],"curies":[{"name":"wp","href":"https:\/\/api.w.org\/{rel}","templated":true}]}}